{"id":10324,"date":"2025-03-05T16:28:49","date_gmt":"2025-03-05T16:28:49","guid":{"rendered":"https:\/\/moveonentertainment.com\/?page_id=10324"},"modified":"2025-03-05T16:48:00","modified_gmt":"2025-03-05T16:48:00","slug":"privacy-moe","status":"publish","type":"page","link":"https:\/\/moveonentertainment.com\/index.php\/privacy-moe\/","title":{"rendered":"Privacy MOE"},"content":{"rendered":"<div class=\"wpb-content-wrapper\"><p>[vc_row css=&#8221;.vc_custom_1741192504631{background-color: rgba(0, 64, 255, 0.8) !important;*background-color: rgba(0,64, 255, 0.8) !important;}&#8221;][vc_column][vc_column_text]<\/p>\n<p class=\"p1\"><strong><span class=\"MuiTypography-root Typography_H1colisseum__50J1a \">Pol\u00edtica de Privacidade<\/span><\/strong><\/p>\n<p class=\"MuiTypography-root undefined MuiTypography-subtitle2\">A recolha e tratamento de dados pessoais foi delineada para estar em concord\u00e2ncia com o Regulamento (UE) 2016\/679 do Parlamento Europeu relativo \u00e0 prote\u00e7c\u00e3o das pessoas singulares no que diz respeito ao tratamento de dados pessoais e \u00e0 livre circula\u00e7\u00e3o desses dados e que revoga a Diretiva 95\/46\/CE (Regulamento Geral sobre a Prote\u00e7\u00e3o de Dados).<\/p>\n<section>\n<p class=\"MuiTypography-root Typography_Body0__3Ib1l MuiTypography-paragraph\">Esta Politica de Privacidade explica:<\/p>\n<p class=\"MuiTypography-root Typography_Body0__3Ib1l MuiTypography-paragraph\">Quais as informa\u00e7\u00f5es pessoais que recolhemos e tratamos e por que o fazemos;<\/p>\n<p class=\"MuiTypography-root Typography_Body0__3Ib1l MuiTypography-paragraph\">Como usamos essas informa\u00e7\u00f5es;<\/p>\n<p class=\"MuiTypography-root Typography_Body0__3Ib1l MuiTypography-paragraph\">As op\u00e7\u00f5es que oferecemos, incluindo o modo de acesso e retifica\u00e7\u00e3o de informa\u00e7\u00f5es.<\/p>\n<p class=\"MuiTypography-root Typography_Body0__3Ib1l MuiTypography-paragraph\">A Move On Entertainment \u00ae poder\u00e1, unilateralmente e a qualquer momento, alterar, modificar, aditar ou rectificar a presente Pol\u00edtica de Privacidade, sem necessidade de qualquer aviso pr\u00e9vio.<\/p>\n<p class=\"MuiTypography-root Typography_Body0__3Ib1l MuiTypography-paragraph\">A Move On Entertainment \u00ae desenvolver\u00e1 todos os esfor\u00e7os para garantir, de forma transparente e demonstr\u00e1vel, a conformidade com o RGPD e restante legisla\u00e7\u00e3o relativa \u00e0 protec\u00e7\u00e3o de dados.<\/p>\n<p class=\"MuiTypography-root Typography_Body0__3Ib1l MuiTypography-paragraph\">A Move On Entertainment \u00ae garante o cumprimento de todos os princ\u00edpios previstos no RGPD, quer nos processos de tratamento actuais, quer naqueles que venham a ser considerados, como por exemplo, na adop\u00e7\u00e3o de uma nova solu\u00e7\u00e3o de sistemas de informa\u00e7\u00e3o, dos quais se dastacam:<\/p>\n<p class=\"MuiTypography-root Typography_Body0__3Ib1l MuiTypography-paragraph\">Licitude, Lealdade e Transpar\u00eancia<\/p>\n<p class=\"MuiTypography-root Typography_Body0__3Ib1l MuiTypography-paragraph\">Limita\u00e7\u00e3o das Finalidades<\/p>\n<p class=\"MuiTypography-root Typography_Body0__3Ib1l MuiTypography-paragraph\">Minimiza\u00e7\u00e3o dos Dados<\/p>\n<p class=\"MuiTypography-root Typography_Body0__3Ib1l MuiTypography-paragraph\">Exactid\u00e3o<\/p>\n<p class=\"MuiTypography-root Typography_Body0__3Ib1l MuiTypography-paragraph\">Limita\u00e7\u00e3o da Conserva\u00e7\u00e3o<\/p>\n<p class=\"MuiTypography-root Typography_Body0__3Ib1l MuiTypography-paragraph\">Integridade e Confidencialidade<\/p>\n<p class=\"MuiTypography-root Typography_Body0__3Ib1l MuiTypography-paragraph\">A Move On Entertainment \u00ae garante os direitos dos titulares dos dados, garantindo que a resposta ao seu exerc\u00edcio \u00e9 fornecida no tempo adequado de acordo os tempos de resposta definidos no RGPD, nomeadamente:<\/p>\n<p class=\"MuiTypography-root Typography_Body0__3Ib1l MuiTypography-paragraph\">Direito a ser informado<\/p>\n<p class=\"MuiTypography-root Typography_Body0__3Ib1l MuiTypography-paragraph\">Direito de acesso<\/p>\n<p class=\"MuiTypography-root Typography_Body0__3Ib1l MuiTypography-paragraph\">Direito de rectifica\u00e7\u00e3o<\/p>\n<p class=\"MuiTypography-root Typography_Body0__3Ib1l MuiTypography-paragraph\">Direito ao apagamento dos dados (&#8220;direito ao esquecimento&#8221;)<\/p>\n<p class=\"MuiTypography-root Typography_Body0__3Ib1l MuiTypography-paragraph\">Direito \u00e0 limita\u00e7\u00e3o de tratamento<\/p>\n<p class=\"MuiTypography-root Typography_Body0__3Ib1l MuiTypography-paragraph\">Direito \u00e0 portabilidade dos dados<\/p>\n<p class=\"MuiTypography-root Typography_Body0__3Ib1l MuiTypography-paragraph\">Direito de oposi\u00e7\u00e3o<\/p>\n<p class=\"MuiTypography-root Typography_Body0__3Ib1l MuiTypography-paragraph\">Direitos relativos a decis\u00f5es automatizadas e defini\u00e7\u00e3o de perfis<\/p>\n<p class=\"MuiTypography-root Typography_Body0__3Ib1l MuiTypography-paragraph\">A Move On Entertainment \u00ae compromete-se adoptar o princ\u00edpio da Privacy by Design, garantindo que todos os novos processos bem como as altera\u00e7\u00f5es aos processos existentes de recolha e tratamento de dados pessoais, ser\u00e3o planeadas com o respeito intr\u00ednseco das quest\u00f5es da privacidade. A adop\u00e7\u00e3o de novos processos de tratamento ou sistemas de informa\u00e7\u00e3o ser\u00e1 precedida de uma avalia\u00e7\u00e3o de impacto.<\/p>\n<p class=\"MuiTypography-root Typography_Body0__3Ib1l MuiTypography-paragraph\">A avalia\u00e7\u00e3o de impacto na Protec\u00e7\u00e3o de Dados contemplar\u00e1:<\/p>\n<p class=\"MuiTypography-root Typography_Body0__3Ib1l MuiTypography-paragraph\">Estudo do processo de tratamento e dos seus fundamentos<\/p>\n<p class=\"MuiTypography-root Typography_Body0__3Ib1l MuiTypography-paragraph\">Verifica\u00e7\u00e3o se o novo processo \u00e9 adequado e necess\u00e1rio<\/p>\n<p class=\"MuiTypography-root Typography_Body0__3Ib1l MuiTypography-paragraph\">An\u00e1lise de risco do processo de tratamento para os titulares<\/p>\n<p class=\"MuiTypography-root Typography_Body0__3Ib1l MuiTypography-paragraph\">Identifica\u00e7\u00e3o dos mecanismos de controlo e mitiga\u00e7\u00e3o dos riscos e demonstra\u00e7\u00e3o de conformidade do processo com a legisla\u00e7\u00e3o<\/p>\n<p class=\"MuiTypography-root Typography_Body0__3Ib1l MuiTypography-paragraph\">Os novos processos de tratamento cumprir\u00e3o sempre o princ\u00edpio da minimiza\u00e7\u00e3o dos dados e, sempre que poss\u00edvel recorrer\u00e3o a t\u00e9cnicas de pseudonimiza\u00e7\u00e3o ou anonimiza\u00e7\u00e3o.<\/p>\n<p class=\"MuiTypography-root Typography_Body0__3Ib1l MuiTypography-paragraph\">A Move On Entertainment \u00ae assegura que todos os relacionamentos com outras entidades que envolvam tratamento de dados pessoais, s\u00e3o regulados por contrato escrito que contemplam informa\u00e7\u00e3o espec\u00edfica e clara sobre o compromisso de cumprimento do RGPD.<\/p>\n<p class=\"MuiTypography-root Typography_Body0__3Ib1l MuiTypography-paragraph\">As transfer\u00eancias de dados pessoais para entidades ou locais fora do territ\u00f3rio da \u00c1rea Econ\u00f3mica Europeia (Uni\u00e3o Europeia, Noruega, Isl\u00e2ndia e Liechtenstein) s\u00e3o cuidadosa e previamente avaliadas, assegurando-se que as mesmas s\u00e3o autorizadas ao abrigo do RGPD.<\/p>\n<p class=\"MuiTypography-root Typography_Body0__3Ib1l MuiTypography-paragraph\">A Move On Entertainment \u00ae compromete-se, de forma transparente, a avaliar a necessidade e proporcionalidade de comunica\u00e7\u00e3o \u00e0s entidades afectadas por uma viola\u00e7\u00e3o de dados pessoais. Respeitando o RGPD, sempre que a viola\u00e7\u00e3o de dados possa representar um risco para os direitos e liberdades das pessoas, a autoridade de supervis\u00e3o ser\u00e1 informada, sem demora injustificada, no per\u00edodo m\u00e1ximo de 72 horas ap\u00f3s a tomada de conhecimento da ocorr\u00eancia.<\/p>\n<p class=\"MuiTypography-root Typography_Body0__3Ib1l MuiTypography-paragraph\">Assim, de forma a garantir a conformidade da Move On Entertainment \u00ae com o RGPD, garantimos que:<\/p>\n<p class=\"MuiTypography-root Typography_Body0__3Ib1l MuiTypography-paragraph\">As bases de licitude do tratamento s\u00e3o claras e inequ\u00edvocas;<\/p>\n<p class=\"MuiTypography-root Typography_Body0__3Ib1l MuiTypography-paragraph\">Assim que se revelar necess\u00e1rio, um Encarregado de Protec\u00e7\u00e3o de Dados ser\u00e1 nomeado para garantir o cumprimento das condi\u00e7\u00f5es de Protec\u00e7\u00e3o e Privacidade;<\/p>\n<p class=\"MuiTypography-root Typography_Body0__3Ib1l MuiTypography-paragraph\">Todos os colaboradores envolvidos no tratamento de dados pessoais t\u00eam consci\u00eancia das suas responsabilidades e comprometem-se a seguir as boas pr\u00e1ticas de protec\u00e7\u00e3o de dados;<\/p>\n<p class=\"MuiTypography-root Typography_Body0__3Ib1l MuiTypography-paragraph\">Todos os colaboradores receberam forma\u00e7\u00e3o em seguran\u00e7a da informa\u00e7\u00e3o;<\/p>\n<p class=\"MuiTypography-root Typography_Body0__3Ib1l MuiTypography-paragraph\">Os consentimentos foram obtidos de acordo com as regras do RGPD, e a Move On Entertainment \u00ae mant\u00e9m o registo das evid\u00eancias desse acto;<\/p>\n<p class=\"MuiTypography-root Typography_Body0__3Ib1l MuiTypography-paragraph\">S\u00e3o disponibilizados mecanismos \u00e1geis de exerc\u00edcio dos direitos dos titulares dos dados;<\/p>\n<p class=\"MuiTypography-root Typography_Body0__3Ib1l MuiTypography-paragraph\">\u00c9 assegurada a revis\u00e3o peri\u00f3dica dos procedimentos de protec\u00e7\u00e3o de dados<\/p>\n<p class=\"MuiTypography-root Typography_Body0__3Ib1l MuiTypography-paragraph\">Privacy by design \u00e9 contemplada em todos os novos sistemas de informa\u00e7\u00e3o ou processos e ainda nos casos de altera\u00e7\u00e3o relevantes aos sistemas e processos existentes;<\/p>\n<p class=\"MuiTypography-root Typography_Body0__3Ib1l MuiTypography-paragraph\">Manuten\u00e7\u00e3o de documenta\u00e7\u00e3o e registos de:<\/p>\n<div class=\"PrivacyView_List__M2p4g\">\n<p class=\"MuiTypography-root Typography_Body0__3Ib1l MuiTypography-paragraph\">Identifica\u00e7\u00e3o da organiza\u00e7\u00e3o e informa\u00e7\u00e3o relevante das actividades desenvolvidas;<\/p>\n<p class=\"MuiTypography-root Typography_Body0__3Ib1l MuiTypography-paragraph\">Justifica\u00e7\u00e3o dos tratamentos de dados existentes;<\/p>\n<p class=\"MuiTypography-root Typography_Body0__3Ib1l MuiTypography-paragraph\">Classifica\u00e7\u00e3o da informa\u00e7\u00e3o pessoal tratada;<\/p>\n<p class=\"MuiTypography-root Typography_Body0__3Ib1l MuiTypography-paragraph\">Identifica\u00e7\u00e3o dos destinat\u00e1rios dos dados pessoais;<\/p>\n<p class=\"MuiTypography-root Typography_Body0__3Ib1l MuiTypography-paragraph\">Acordos e mecanismos de transfer\u00eancia de dados pessoais para fora da \u00c1rea Econ\u00f3mica Europeia, bem como dos mecanismos de controlo e monitoriza\u00e7\u00e3o aplicados;<\/p>\n<p class=\"MuiTypography-root Typography_Body0__3Ib1l MuiTypography-paragraph\">Per\u00edodo de reten\u00e7\u00e3o de dados pessoais (por categoria de dados)<\/p>\n<p class=\"MuiTypography-root Typography_Body0__3Ib1l MuiTypography-paragraph\">Medidas t\u00e9cnicas e organizativas de controlo da seguran\u00e7a dos dados.<\/p>\n<\/div>\n<p class=\"MuiTypography-root Typography_Body0__3Ib1l MuiTypography-paragraph\">Quest\u00f5es, coment\u00e1rios e pedidos relacionados com esta Pol\u00edtica de Privacidade e os seus direitos dever\u00e3o ser endere\u00e7ados para geral@moe.pt<\/p>\n<\/section>\n<p>&nbsp;<\/p>\n<p>&nbsp;<\/p>\n<p><strong>Pol\u00edtica de Utiliza\u00e7\u00e3o de Cookies<\/strong><\/p>\n<p>A Move On Entertainment \u00ae utiliza cookies no seu web site de forma a melhorar a experi\u00eancia do utilizador.<br \/>\nO que s\u00e3o Cookies?<br \/>\nAs cookies s\u00e3o pequenos ficheiros de texto que s\u00e3o copiados para o seu computador ou dispositivo m\u00f3vel, quando acede ao web site, atrav\u00e9s do navegador (browser) que estiver a utilizar, com o objectivo de facilitar o reconhecimento do dispositivo em utiliza\u00e7\u00f5es posteriores. Estes ficheiros permitem que, durante um certo per\u00edodo de tempo, o s\u00edtio Web se \u00ablembre\u00bb das suas a\u00e7\u00f5es e prefer\u00eancias, nomeadamente do nome de utilizador, da l\u00edngua escolhida e outras defini\u00e7\u00f5es de visualiza\u00e7\u00e3o, melhorando assim a experi\u00eancia de utiliza\u00e7\u00e3o do site.<\/p>\n<p>O utilizador do web site tem a possibilidade de configurar o seu browser, de modo a que seja apresentada uma notifica\u00e7\u00e3o sobre a recep\u00e7\u00e3o de cookies, assim como desactivar as cookies de forma total ou selectiva. Conv\u00e9m salientar que a inactiva\u00e7\u00e3o das cookies pode afectar algumas funcionalidades das p\u00e1ginas.<\/p>\n<p>Cookies utilizadas no nosso web site<br \/>\nPersistentes ou Permanentes \u2013 Permitem uma navega\u00e7\u00e3o mais personalizada porque ficam guardados no browser utilizado e s\u00e3o acedidos sempre que o utilizador visita novamente o web site, encaminhando e ajudando na navega\u00e7\u00e3o, de acordo com as suas anteriores pesquisas.<\/p>\n<p>Essenciais \u2013 Este tipo de ficheiros permite a navega\u00e7\u00e3o no web site e a utiliza\u00e7\u00e3o das suas funcionalidades, como aceder a \u00e1reas concretas ou \u00e1reas seguras que requerem autentica\u00e7\u00e3o. Se forem inactivados, as funcionalidades que os exigem deixam de estar dispon\u00edveis.<\/p>\n<p>Anal\u00edticos \u2013 Permitem analisar a forma como os utilizadores navegam pelo web site, monitorizando o comportamento do mesmo e disponibilizam uma experi\u00eancia mais eficiente e r\u00e1pida, auxiliando a correc\u00e7\u00e3o de quaisquer problemas imediatamente. Atrav\u00e9s destas cookies, contabilizam-se dados como as p\u00e1ginas mais visitadas, os conte\u00fados mais visualizados, os fluxos de navega\u00e7\u00e3o e as mensagens de erro.<\/p>\n<p>Inactiva\u00e7\u00e3o de Cookies<br \/>\nA autoriza\u00e7\u00e3o da utiliza\u00e7\u00e3o de cookies que tenha sido concedida pelo utilizador, pode ser inactivada a qualquer momento, de forma parcial ou total. Relembramos que esta inactiva\u00e7\u00e3o poder\u00e1 afectar algumas funcionalidades das p\u00e1ginas.<\/p>\n<p>Gest\u00e3o de Cookies<br \/>\nA possibilidade de activar, inactivar, ou eliminar cookies pode ser efectuada ao n\u00edvel do browser. Para o fazer deve seguir as instru\u00e7\u00f5es indicadas para o seu browser (geralmente localizadas nas funcionalidades &#8220;Ajuda&#8221;, &#8220;Ferramentas&#8221; ou &#8220;Editar&#8221;). Saiba que a inactiva\u00e7\u00e3o de uma cookie ou de uma categoria de cookies, n\u00e3o as elimina do seu browser. Dependendo do browser que utiliza, pode efectuar ajustes nas configura\u00e7\u00f5es e eliminar as cookies instaladas.<\/p>\n<p>Disponibilizamos instru\u00e7\u00f5es (links externos) de gest\u00e3o de cookies para os browsers mais utilizados. Caso o seu browser n\u00e3o esteja aqui listado, dever\u00e1 consultar essas op\u00e7\u00f5es na ajuda, manual, ferramentas ou no web site do browser que utiliza. A informa\u00e7\u00e3o aqui apresentada \u00e9 da exclusiva responsabilidade dos fabricantes dos browsers.<\/p>\n<p>Google Chrome<br \/>\nhttps:\/\/support.google.com<\/p>\n<p>Internet Explorer<br \/>\nhttps:\/\/support.microsoft.com<\/p>\n<p>Mozilla Firefox<br \/>\nhttps:\/\/support.mozilla.org<\/p>\n<p>Safari<br \/>\nhttps:\/\/support.apple.com<\/p>\n<p>Contactos<br \/>\nQualquer quest\u00e3o, reclama\u00e7\u00e3o ou pedido relacionado com a Pol\u00edtica de Utiliza\u00e7\u00e3o de Cookies, dever\u00e1 ser enviada por email para o endere\u00e7o geral@moe.pt<\/p>\n<p>A Move On Entertainment \u00ae poder\u00e1 alterar, rectificar ou aditar termos na presente Pol\u00edtica de Utiliza\u00e7\u00e3o de Cookies, de forma unilateral e em qualquer momento, sem necessidade de qualquer aviso pr\u00e9vio.<\/p>\n<p>&nbsp;<\/p>\n<p><strong>Nome e endere\u00e7o do respons\u00e1vel pelo tratamento<\/strong><\/p>\n<p>O respons\u00e1vel pelo tratamento para efeitos do Regulamento Geral de Prote\u00e7\u00e3o de Dados (RGPD), outras leis de prote\u00e7\u00e3o de dados aplic\u00e1veis nos Estados-Membros da Uni\u00e3o Europeia e outras disposi\u00e7\u00f5es relacionadas com a prote\u00e7\u00e3o de dados \u00e9:<\/p>\n<p>PG&amp;MOE, Lda.<\/p>\n<p>Com a marca Move On Entertainment \u00ae[\/vc_column_text][\/vc_column][\/vc_row]<\/p>\n<\/div>","protected":false},"excerpt":{"rendered":"<p>[vc_row css=&#8221;.vc_custom_1741192504631{background-color: rgba(0, 64, 255, 0.8) !important;*background-color: rgba(0,64, 255, 0.8) !important;}&#8221;][vc_column][vc_column_text] Pol\u00edtica de Privacidade A recolha e tratamento de dados pessoais foi delineada para estar em concord\u00e2ncia com o Regulamento (UE) 2016\/679 do Parlamento Europeu relativo \u00e0 prote\u00e7c\u00e3o das pessoas singulares no que diz respeito ao tratamento de dados pessoais e \u00e0 livre circula\u00e7\u00e3o desses [&hellip;]<\/p>\n","protected":false},"author":1,"featured_media":0,"parent":0,"menu_order":0,"comment_status":"closed","ping_status":"closed","template":"","meta":{"footnotes":""},"class_list":["post-10324","page","type-page","status-publish","hentry"],"_links":{"self":[{"href":"https:\/\/moveonentertainment.com\/index.php\/wp-json\/wp\/v2\/pages\/10324","targetHints":{"allow":["GET"]}}],"collection":[{"href":"https:\/\/moveonentertainment.com\/index.php\/wp-json\/wp\/v2\/pages"}],"about":[{"href":"https:\/\/moveonentertainment.com\/index.php\/wp-json\/wp\/v2\/types\/page"}],"author":[{"embeddable":true,"href":"https:\/\/moveonentertainment.com\/index.php\/wp-json\/wp\/v2\/users\/1"}],"replies":[{"embeddable":true,"href":"https:\/\/moveonentertainment.com\/index.php\/wp-json\/wp\/v2\/comments?post=10324"}],"version-history":[{"count":2,"href":"https:\/\/moveonentertainment.com\/index.php\/wp-json\/wp\/v2\/pages\/10324\/revisions"}],"predecessor-version":[{"id":10327,"href":"https:\/\/moveonentertainment.com\/index.php\/wp-json\/wp\/v2\/pages\/10324\/revisions\/10327"}],"wp:attachment":[{"href":"https:\/\/moveonentertainment.com\/index.php\/wp-json\/wp\/v2\/media?parent=10324"}],"curies":[{"name":"wp","href":"https:\/\/api.w.org\/{rel}","templated":true}]}}